{"id":6856,"date":"2021-06-25T13:31:49","date_gmt":"2021-06-25T13:31:49","guid":{"rendered":"http:\/\/surfnyogafuerteventura.com\/?page_id=6856"},"modified":"2025-09-25T09:29:18","modified_gmt":"2025-09-25T09:29:18","slug":"spa-treatments","status":"publish","type":"page","link":"https:\/\/surfnyogafuerteventura.com\/de\/spa-treatments\/","title":{"rendered":"Therapies and Treatments"},"content":{"rendered":"<div data-elementor-type=\"wp-page\" data-elementor-id=\"6856\" class=\"elementor elementor-6856\">\n\t\t\t\t\t\t<section class=\"has_eae_slider elementor-section elementor-top-section elementor-element elementor-element-7b654aa elementor-section-boxed elementor-section-height-default elementor-section-height-default\" data-eae-slider=\"42779\" data-id=\"7b654aa\" data-element_type=\"section\" data-settings=\"{&quot;background_background&quot;:&quot;classic&quot;}\">\n\t\t\t\t\t\t\t<div class=\"elementor-background-overlay\"><\/div>\n\t\t\t\t\t\t\t<div class=\"elementor-container elementor-column-gap-default\">\n\t\t\t\t\t<div class=\"has_eae_slider elementor-column elementor-col-100 elementor-top-column elementor-element elementor-element-cb5b017 elementor-invisible\" data-eae-slider=\"36127\" data-id=\"cb5b017\" data-element_type=\"column\" data-settings=\"{&quot;animation&quot;:&quot;fadeInUp&quot;}\">\n\t\t\t<div class=\"elementor-widget-wrap elementor-element-populated\">\n\t\t\t\t\t\t<div class=\"elementor-element elementor-element-4aeccbf elementor-widget elementor-widget-heading\" data-id=\"4aeccbf\" data-element_type=\"widget\" data-widget_type=\"heading.default\">\n\t\t\t\t<div class=\"elementor-widget-container\">\n\t\t\t\t\t<h1 class=\"elementor-heading-title elementor-size-default\">THERAPIES AND TREATMENTS<\/h1>\t\t\t\t<\/div>\n\t\t\t\t<\/div>\n\t\t\t\t<div class=\"elementor-element elementor-element-feec873 elementor-widget elementor-widget-text-editor\" data-id=\"feec873\" data-element_type=\"widget\" data-widget_type=\"text-editor.default\">\n\t\t\t\t<div class=\"elementor-widget-container\">\n\t\t\t\t\t\t\t\t\t<p><span style=\"font-weight: 400;\">Are you longing for some special me-time that makes you feel in heaven? Enjoy special Therapies and Treatments during your stay with us. It is all about Selfcare and Selflove.<\/span><\/p>\t\t\t\t\t\t\t\t<\/div>\n\t\t\t\t<\/div>\n\t\t\t\t\t<\/div>\n\t\t<\/div>\n\t\t\t\t\t<\/div>\n\t\t<\/section>\n\t\t\t\t<section class=\"has_eae_slider elementor-section elementor-top-section elementor-element elementor-element-acfac67 elementor-section-boxed elementor-section-height-default elementor-section-height-default elementor-invisible\" data-eae-slider=\"66770\" data-id=\"acfac67\" data-element_type=\"section\" data-settings=\"{&quot;animation&quot;:&quot;fadeInUp&quot;}\">\n\t\t\t\t\t\t<div class=\"elementor-container elementor-column-gap-default\">\n\t\t\t\t\t<div class=\"has_eae_slider elementor-column elementor-col-100 elementor-top-column elementor-element elementor-element-f3be8dd\" data-eae-slider=\"63108\" data-id=\"f3be8dd\" data-element_type=\"column\">\n\t\t\t<div class=\"elementor-widget-wrap elementor-element-populated\">\n\t\t\t\t\t\t<div class=\"elementor-element elementor-element-34dab2d elementor-widget elementor-widget-heading\" data-id=\"34dab2d\" data-element_type=\"widget\" data-widget_type=\"heading.default\">\n\t\t\t\t<div class=\"elementor-widget-container\">\n\t\t\t\t\t<h2 class=\"elementor-heading-title elementor-size-default\">MASSAGES<\/h2>\t\t\t\t<\/div>\n\t\t\t\t<\/div>\n\t\t\t\t<div class=\"elementor-element elementor-element-57c684c elementor-view-default elementor-widget elementor-widget-icon\" data-id=\"57c684c\" data-element_type=\"widget\" data-widget_type=\"icon.default\">\n\t\t\t\t<div class=\"elementor-widget-container\">\n\t\t\t\t\t\t\t<div class=\"elementor-icon-wrapper\">\n\t\t\t<div class=\"elementor-icon\">\n\t\t\t<svg xmlns=\"http:\/\/www.w3.org\/2000\/svg\" xmlns:xlink=\"http:\/\/www.w3.org\/1999\/xlink\" id=\"Layer_1\" x=\"0px\" y=\"0px\" viewbox=\"0 0 48.9 9.1\" style=\"enable-background:new 0 0 48.9 9.1;\" xml:space=\"preserve\"><path d=\"M4,8C3.2,7.6,2.1,7.3,1.4,6.7C1,6.3,1.1,5.4,1,4.7c0.6-0.1,1.4-0.5,1.8-0.3C4.2,5.4,5.1,4.8,6,3.8c3.4-3.5,6.5-3.5,9.9-0.1  c1.6,1.6,2,1.6,3.6,0c3.5-3.5,6.4-3.5,9.9,0c1.6,1.6,2,1.6,3.6-0.1c3.4-3.5,6.4-3.5,9.8,0c1,1,1.9,1.6,3.3,0.7  c0.3-0.2,1.4,0.1,1.6,0.4c0.2,0.5,0.1,1.4-0.3,1.8c-1.3,1.4-3.7,1.5-5.4,0.1c-0.7-0.6-1.3-1.3-2-1.9c-1.4-1.3-2.8-1.3-4.3,0  c-0.5,0.4-0.9,0.9-1.4,1.4c-2.1,2-4.4,2-6.5,0c-0.2-0.2-0.4-0.4-0.6-0.6c-2.3-2.3-3.5-2.3-5.9,0c-2.8,2.8-4.9,2.8-7.6,0  c-2.2-2.2-3.6-2.3-5.8,0C7,6.8,5.9,7.9,4,8z\"><\/path><\/svg>\t\t\t<\/div>\n\t\t<\/div>\n\t\t\t\t\t\t<\/div>\n\t\t\t\t<\/div>\n\t\t\t\t<div class=\"elementor-element elementor-element-219245d elementor-widget elementor-widget-text-editor\" data-id=\"219245d\" data-element_type=\"widget\" data-widget_type=\"text-editor.default\">\n\t\t\t\t<div class=\"elementor-widget-container\">\n\t\t\t\t\t\t\t\t\t<p><span style=\"font-weight: 400;\">All our treatments relax and strengthen the immune system,\u00a0 rejuvenate and overall has a kind of cleansing and liberating effect.\u00a0<\/span><\/p><p><span style=\"font-weight: 400;\">\u00a0<\/span><\/p><p><strong>EXPRESS SELF-LOVE WITH<\/strong><\/p><p><strong>\u00a0<\/strong><\/p><p>\u00a0<\/p><p><strong>Relaxing Massage<\/strong><\/p><p><em>A full body massage with medium pressure to relax body &amp; mind\u00a0<\/em><\/p><p><em>\u00a0<\/em><\/p><p>\u00a0<\/p><p><strong>Deep Tissue<\/strong><\/p><p class=\"p1\"><em>full body massage withmedium pressure to release tension and relax body in a global way<\/em><\/p><p class=\"p1\"><em>\u00a0<\/em><\/p><p>\u00a0<\/p><p><strong>Reflexology<\/strong><\/p><p><em>A foot massage that uses gentle pressure on specific points along your feet that connect to our whole body system<\/em><\/p><p><em>\u00a0<\/em><\/p><p>\u00a0<\/p><p><strong>Therapeutic Massage<\/strong><\/p><p><em>A traditional massage for relaxing muscles to prevent injuries<\/em><\/p><p><em>\u00a0<\/em><\/p><p>\u00a0<\/p><p><strong>Hindu Head Massage<\/strong><\/p><p><em>An Anti-Stress Massage with medium pressure on the head, neck, back, shoulder &amp; face. It helps to prevent fatigue, bruxism &amp; inmsonia<\/em><\/p>\t\t\t\t\t\t\t\t<\/div>\n\t\t\t\t<\/div>\n\t\t\t\t\t<\/div>\n\t\t<\/div>\n\t\t\t\t\t<\/div>\n\t\t<\/section>\n\t\t<div class=\"has_eae_slider elementor-element elementor-element-3ea820e e-flex e-con-boxed e-con e-parent\" data-eae-slider=\"43142\" data-id=\"3ea820e\" data-element_type=\"container\">\n\t\t\t\t\t<div class=\"e-con-inner\">\n\t\t\t\t<div class=\"elementor-element elementor-element-843ac9e elementor-widget elementor-widget-spacer\" data-id=\"843ac9e\" data-element_type=\"widget\" data-widget_type=\"spacer.default\">\n\t\t\t\t<div class=\"elementor-widget-container\">\n\t\t\t\t\t\t\t<div class=\"elementor-spacer\">\n\t\t\t<div class=\"elementor-spacer-inner\"><\/div>\n\t\t<\/div>\n\t\t\t\t\t\t<\/div>\n\t\t\t\t<\/div>\n\t\t\t\t\t<\/div>\n\t\t\t\t<\/div>\n\t\t\t\t<section class=\"has_eae_slider elementor-section elementor-top-section elementor-element elementor-element-b0354bb elementor-section-boxed elementor-section-height-default elementor-section-height-default elementor-invisible\" data-eae-slider=\"65177\" data-id=\"b0354bb\" data-element_type=\"section\" data-settings=\"{&quot;animation&quot;:&quot;fadeInUp&quot;}\">\n\t\t\t\t\t\t<div class=\"elementor-container elementor-column-gap-default\">\n\t\t\t\t\t<div class=\"has_eae_slider elementor-column elementor-col-100 elementor-top-column elementor-element elementor-element-c42a760\" data-eae-slider=\"61697\" data-id=\"c42a760\" data-element_type=\"column\">\n\t\t\t<div class=\"elementor-widget-wrap elementor-element-populated\">\n\t\t\t\t\t\t<div class=\"elementor-element elementor-element-330f965 elementor-widget elementor-widget-heading\" data-id=\"330f965\" data-element_type=\"widget\" data-widget_type=\"heading.default\">\n\t\t\t\t<div class=\"elementor-widget-container\">\n\t\t\t\t\t<h2 class=\"elementor-heading-title elementor-size-default\">Holistic therapies<\/h2>\t\t\t\t<\/div>\n\t\t\t\t<\/div>\n\t\t\t\t<div class=\"elementor-element elementor-element-c194860 elementor-view-default elementor-widget elementor-widget-icon\" data-id=\"c194860\" data-element_type=\"widget\" data-widget_type=\"icon.default\">\n\t\t\t\t<div class=\"elementor-widget-container\">\n\t\t\t\t\t\t\t<div class=\"elementor-icon-wrapper\">\n\t\t\t<div class=\"elementor-icon\">\n\t\t\t<svg xmlns=\"http:\/\/www.w3.org\/2000\/svg\" xmlns:xlink=\"http:\/\/www.w3.org\/1999\/xlink\" id=\"Layer_1\" x=\"0px\" y=\"0px\" viewbox=\"0 0 48.9 9.1\" style=\"enable-background:new 0 0 48.9 9.1;\" xml:space=\"preserve\"><path d=\"M4,8C3.2,7.6,2.1,7.3,1.4,6.7C1,6.3,1.1,5.4,1,4.7c0.6-0.1,1.4-0.5,1.8-0.3C4.2,5.4,5.1,4.8,6,3.8c3.4-3.5,6.5-3.5,9.9-0.1  c1.6,1.6,2,1.6,3.6,0c3.5-3.5,6.4-3.5,9.9,0c1.6,1.6,2,1.6,3.6-0.1c3.4-3.5,6.4-3.5,9.8,0c1,1,1.9,1.6,3.3,0.7  c0.3-0.2,1.4,0.1,1.6,0.4c0.2,0.5,0.1,1.4-0.3,1.8c-1.3,1.4-3.7,1.5-5.4,0.1c-0.7-0.6-1.3-1.3-2-1.9c-1.4-1.3-2.8-1.3-4.3,0  c-0.5,0.4-0.9,0.9-1.4,1.4c-2.1,2-4.4,2-6.5,0c-0.2-0.2-0.4-0.4-0.6-0.6c-2.3-2.3-3.5-2.3-5.9,0c-2.8,2.8-4.9,2.8-7.6,0  c-2.2-2.2-3.6-2.3-5.8,0C7,6.8,5.9,7.9,4,8z\"><\/path><\/svg>\t\t\t<\/div>\n\t\t<\/div>\n\t\t\t\t\t\t<\/div>\n\t\t\t\t<\/div>\n\t\t\t\t<div class=\"elementor-element elementor-element-0c3c1c4 elementor-widget elementor-widget-text-editor\" data-id=\"0c3c1c4\" data-element_type=\"widget\" data-widget_type=\"text-editor.default\">\n\t\t\t\t<div class=\"elementor-widget-container\">\n\t\t\t\t\t\t\t\t\t<p><span style=\"font-weight: 400;\">All our holistic therapies help you to recharge, reconnect &amp; find more towards a balance and alignment of body, mind &amp; soul.\u00a0<\/span><\/p><p><span style=\"font-weight: 400;\">\u00a0<\/span><\/p><p><strong>EXPRESS SELF-LOVE WITH<\/strong><\/p><p><strong>\u00a0<\/strong><\/p><p>\u00a0<\/p><p><strong>Reiki Healing<\/strong><\/p><p class=\"p1\"><em>Translated reiki means universal life energy. It is a gentle and non invasive energy healing technique to restore balance, release stress, promote relaxation and allow your body &amp; mind to heal naturally. The practitioner will help the energy around your body to flow again and remove blockages by using different hand positions.<span class=\"Apple-converted-space\">\u00a0<\/span><\/em><\/p><p class=\"p1\"><em><span class=\"Apple-converted-space\">\u00a0<\/span><\/em><\/p><p class=\"p1\" style=\"margin-bottom: 0px; font-style: normal; font-variant-numeric: normal; font-variant-east-asian: normal; font-variant-alternates: normal; font-kerning: auto; font-optical-sizing: auto; font-feature-settings: normal; font-variation-settings: normal; font-variant-position: normal; font-weight: 400; font-stretch: normal; font-size: 13px; line-height: normal; font-family: 'Helvetica Neue'; color: #000000; text-align: start;\">\u00a0<\/p><p><strong>Kirtan<\/strong><\/p><p class=\"p1\"><em>Experiencing the energising effect of creating sounds by singing. Chanting high vibrant words &amp; phrases together. Opening the heart to the joy of life &amp; connecting deeply to others. Feeling how music can connect and create a safe space to express yourself in the beautiful way you are. Everybody is welcome to join, bring instruments &amp; inspire.<\/em><\/p><p class=\"p1\"><em><span class=\"Apple-converted-space\">\u00a0<\/span><\/em><\/p><p><strong>Soundhealing<\/strong><\/p><p><em>Reconnecting back to the sounds and the vibration of nature: benefits physical relaxation, emotional well-being, and spiritual connection by balancing the chakras, clearing blockages, and harmonizing our being.<\/em><\/p><p>\u00a0<\/p><p>\u00a0<\/p>\t\t\t\t\t\t\t\t<\/div>\n\t\t\t\t<\/div>\n\t\t\t\t\t<\/div>\n\t\t<\/div>\n\t\t\t\t\t<\/div>\n\t\t<\/section>\n\t\t\t\t<section class=\"has_eae_slider elementor-section elementor-top-section elementor-element elementor-element-904fc0a elementor-section-boxed elementor-section-height-default elementor-section-height-default elementor-invisible\" data-eae-slider=\"30642\" data-id=\"904fc0a\" data-element_type=\"section\" data-settings=\"{&quot;animation&quot;:&quot;fadeInUp&quot;}\">\n\t\t\t\t\t\t<div class=\"elementor-container elementor-column-gap-default\">\n\t\t\t\t\t<div class=\"has_eae_slider elementor-column elementor-col-100 elementor-top-column elementor-element elementor-element-9635c06\" data-eae-slider=\"94503\" data-id=\"9635c06\" data-element_type=\"column\">\n\t\t\t<div class=\"elementor-widget-wrap elementor-element-populated\">\n\t\t\t\t\t\t<div class=\"elementor-element elementor-element-0ce3968 elementor-widget elementor-widget-text-editor\" data-id=\"0ce3968\" data-element_type=\"widget\" data-widget_type=\"text-editor.default\">\n\t\t\t\t<div class=\"elementor-widget-container\">\n\t\t\t\t\t\t\t\t\t<p>Ready for selfcare?<\/p>\t\t\t\t\t\t\t\t<\/div>\n\t\t\t\t<\/div>\n\t\t\t\t<div class=\"elementor-element elementor-element-ea6c6e2 elementor-align-center elementor-mobile-align-center elementor-invisible elementor-widget elementor-widget-button\" data-id=\"ea6c6e2\" data-element_type=\"widget\" data-settings=\"{&quot;_animation&quot;:&quot;bounceIn&quot;,&quot;_animation_delay&quot;:1000}\" data-widget_type=\"button.default\">\n\t\t\t\t<div class=\"elementor-widget-container\">\n\t\t\t\t\t\t\t\t\t<div class=\"elementor-button-wrapper\">\n\t\t\t\t\t<a class=\"elementor-button elementor-button-link elementor-size-lg\" href=\"https:\/\/bookings.surfnyogafuerteventura.com\/en\">\n\t\t\t\t\t\t<span class=\"elementor-button-content-wrapper\">\n\t\t\t\t\t\t\t\t\t<span class=\"elementor-button-text\">TAKE ME THERE<\/span>\n\t\t\t\t\t<\/span>\n\t\t\t\t\t<\/a>\n\t\t\t\t<\/div>\n\t\t\t\t\t\t\t\t<\/div>\n\t\t\t\t<\/div>\n\t\t\t\t\t<\/div>\n\t\t<\/div>\n\t\t\t\t\t<\/div>\n\t\t<\/section>\n\t\t\t\t<section class=\"has_eae_slider elementor-section elementor-top-section elementor-element elementor-element-ca27081 elementor-section-boxed elementor-section-height-default elementor-section-height-default\" data-eae-slider=\"33769\" data-id=\"ca27081\" data-element_type=\"section\">\n\t\t\t\t\t\t<div class=\"elementor-container elementor-column-gap-default\">\n\t\t\t\t\t<div data-wts-url=\"http:\/\/surfnyogafuerteventura.com\/yoga\" data-wts-link=\"yes\" data-wts-new-window=\"\" class=\"has_eae_slider elementor-column elementor-col-33 elementor-top-column elementor-element elementor-element-06f5c51 ae-link-yes elementor-invisible\" data-eae-slider=\"99787\" data-id=\"06f5c51\" data-element_type=\"column\" data-settings=\"{&quot;background_background&quot;:&quot;classic&quot;,&quot;animation&quot;:&quot;fadeInLeft&quot;}\">\n\t\t\t<div class=\"elementor-widget-wrap elementor-element-populated\">\n\t\t\t\t\t<div class=\"elementor-background-overlay\"><\/div>\n\t\t\t\t\t\t<div class=\"elementor-element elementor-element-20838bd elementor-widget elementor-widget-heading\" data-id=\"20838bd\" data-element_type=\"widget\" data-widget_type=\"heading.default\">\n\t\t\t\t<div class=\"elementor-widget-container\">\n\t\t\t\t\t<h2 class=\"elementor-heading-title elementor-size-default\">YOGA<\/h2>\t\t\t\t<\/div>\n\t\t\t\t<\/div>\n\t\t\t\t<div class=\"elementor-element elementor-element-05e4b24 elementor-widget-divider--view-line elementor-widget elementor-widget-divider\" data-id=\"05e4b24\" data-element_type=\"widget\" data-widget_type=\"divider.default\">\n\t\t\t\t<div class=\"elementor-widget-container\">\n\t\t\t\t\t\t\t<div class=\"elementor-divider\">\n\t\t\t<span class=\"elementor-divider-separator\">\n\t\t\t\t\t\t<\/span>\n\t\t<\/div>\n\t\t\t\t\t\t<\/div>\n\t\t\t\t<\/div>\n\t\t\t\t<div class=\"elementor-element elementor-element-bef0f93 elementor-widget elementor-widget-text-editor\" data-id=\"bef0f93\" data-element_type=\"widget\" data-widget_type=\"text-editor.default\">\n\t\t\t\t<div class=\"elementor-widget-container\">\n\t\t\t\t\t\t\t\t\t<p>Zelebriere deinen Tempel mit powervollem Yoga am Morgen und geerdeten Flows am Abend.<\/p>\t\t\t\t\t\t\t\t<\/div>\n\t\t\t\t<\/div>\n\t\t\t\t\t<\/div>\n\t\t<\/div>\n\t\t\t\t<div data-wts-url=\"http:\/\/surfnyogafuerteventura.com\/villa\" data-wts-link=\"yes\" data-wts-new-window=\"\" class=\"has_eae_slider elementor-column elementor-col-33 elementor-top-column elementor-element elementor-element-1f04132 ae-link-yes elementor-invisible\" data-eae-slider=\"25236\" data-id=\"1f04132\" data-element_type=\"column\" data-settings=\"{&quot;background_background&quot;:&quot;classic&quot;,&quot;animation&quot;:&quot;fadeInUp&quot;}\">\n\t\t\t<div class=\"elementor-widget-wrap elementor-element-populated\">\n\t\t\t\t\t<div class=\"elementor-background-overlay\"><\/div>\n\t\t\t\t\t\t<div class=\"elementor-element elementor-element-577c517 elementor-widget elementor-widget-heading\" data-id=\"577c517\" data-element_type=\"widget\" data-widget_type=\"heading.default\">\n\t\t\t\t<div class=\"elementor-widget-container\">\n\t\t\t\t\t<h2 class=\"elementor-heading-title elementor-size-default\">VILLA<\/h2>\t\t\t\t<\/div>\n\t\t\t\t<\/div>\n\t\t\t\t<div class=\"elementor-element elementor-element-2e47f6c elementor-widget-divider--view-line elementor-widget elementor-widget-divider\" data-id=\"2e47f6c\" data-element_type=\"widget\" data-widget_type=\"divider.default\">\n\t\t\t\t<div class=\"elementor-widget-container\">\n\t\t\t\t\t\t\t<div class=\"elementor-divider\">\n\t\t\t<span class=\"elementor-divider-separator\">\n\t\t\t\t\t\t<\/span>\n\t\t<\/div>\n\t\t\t\t\t\t<\/div>\n\t\t\t\t<\/div>\n\t\t\t\t<div class=\"elementor-element elementor-element-52e0485 elementor-widget elementor-widget-text-editor\" data-id=\"52e0485\" data-element_type=\"widget\" data-widget_type=\"text-editor.default\">\n\t\t\t\t<div class=\"elementor-widget-container\">\n\t\t\t\t\t\t\t\t\t<p>Die Surf &amp; Yoga Villa ist von der spanischen modernen Baukunst inspiriert. Sie besteht aus h\u00f6lzernen Zimmern, wei\u00dfen und k\u00fchlenden Steinw\u00e4nden, eleganten Steinb\u00f6den und deckenhohen Fenstern.\u00a0<\/p>\t\t\t\t\t\t\t\t<\/div>\n\t\t\t\t<\/div>\n\t\t\t\t\t<\/div>\n\t\t<\/div>\n\t\t\t\t<div data-wts-url=\"http:\/\/surfnyogafuerteventura.com\/surf\" data-wts-link=\"yes\" data-wts-new-window=\"\" class=\"has_eae_slider elementor-column elementor-col-33 elementor-top-column elementor-element elementor-element-e65f878 ae-link-yes elementor-invisible\" data-eae-slider=\"89554\" data-id=\"e65f878\" data-element_type=\"column\" data-settings=\"{&quot;background_background&quot;:&quot;classic&quot;,&quot;animation&quot;:&quot;fadeInRight&quot;}\">\n\t\t\t<div class=\"elementor-widget-wrap elementor-element-populated\">\n\t\t\t\t\t<div class=\"elementor-background-overlay\"><\/div>\n\t\t\t\t\t\t<div class=\"elementor-element elementor-element-038d7b1 elementor-widget elementor-widget-heading\" data-id=\"038d7b1\" data-element_type=\"widget\" data-widget_type=\"heading.default\">\n\t\t\t\t<div class=\"elementor-widget-container\">\n\t\t\t\t\t<h2 class=\"elementor-heading-title elementor-size-default\">SURF<\/h2>\t\t\t\t<\/div>\n\t\t\t\t<\/div>\n\t\t\t\t<div class=\"elementor-element elementor-element-89a774d elementor-widget-divider--view-line elementor-widget elementor-widget-divider\" data-id=\"89a774d\" data-element_type=\"widget\" data-widget_type=\"divider.default\">\n\t\t\t\t<div class=\"elementor-widget-container\">\n\t\t\t\t\t\t\t<div class=\"elementor-divider\">\n\t\t\t<span class=\"elementor-divider-separator\">\n\t\t\t\t\t\t<\/span>\n\t\t<\/div>\n\t\t\t\t\t\t<\/div>\n\t\t\t\t<\/div>\n\t\t\t\t<div class=\"elementor-element elementor-element-525d8fb elementor-widget elementor-widget-text-editor\" data-id=\"525d8fb\" data-element_type=\"widget\" data-widget_type=\"text-editor.default\">\n\t\t\t\t<div class=\"elementor-widget-container\">\n\t\t\t\t\t\t\t\t\t<p>Fuerteventura ist der perfekte Ort, um das gesamte Jahr \u00fcber Surfen zu lernen. Vor allem in den Wintermonaten sind die Surfbedingen einmalig!<\/p>\t\t\t\t\t\t\t\t<\/div>\n\t\t\t\t<\/div>\n\t\t\t\t\t<\/div>\n\t\t<\/div>\n\t\t\t\t\t<\/div>\n\t\t<\/section>\n\t\t\t\t<\/div>","protected":false},"excerpt":{"rendered":"<p>THERAPIES AND TREATMENTS Are you longing for some special me-time that makes you feel in heaven? Enjoy special Therapies and Treatments during your stay with us. It is all about Selfcare and Selflove. MASSAGES All our treatments relax and strengthen the immune system,\u00a0 rejuvenate and overall has a kind of cleansing and liberating effect.\u00a0 \u00a0 &hellip;<\/p>\n<p class=\"read-more\"> <a class=\"\" href=\"https:\/\/surfnyogafuerteventura.com\/de\/spa-treatments\/\"> <span class=\"screen-reader-text\">Therapies and Treatments<\/span> Weiterlesen &raquo;<\/a><\/p>","protected":false},"author":1,"featured_media":0,"parent":0,"menu_order":0,"comment_status":"closed","ping_status":"closed","template":"","meta":{"om_disable_all_campaigns":false,"_monsterinsights_skip_tracking":false,"_monsterinsights_sitenote_active":false,"_monsterinsights_sitenote_note":"","_monsterinsights_sitenote_category":0,"site-sidebar-layout":"no-sidebar","site-content-layout":"page-builder","ast-global-header-display":"","ast-main-header-display":"","ast-hfb-above-header-display":"","ast-hfb-below-header-display":"","ast-hfb-mobile-header-display":"","site-post-title":"disabled","ast-breadcrumbs-content":"","ast-featured-img":"disabled","footer-sml-layout":"","theme-transparent-header-meta":"default","adv-header-id-meta":"","stick-header-meta":"","header-above-stick-meta":"","header-main-stick-meta":"","header-below-stick-meta":"","footnotes":""},"aioseo_notices":[],"_links":{"self":[{"href":"https:\/\/surfnyogafuerteventura.com\/de\/wp-json\/wp\/v2\/pages\/6856"}],"collection":[{"href":"https:\/\/surfnyogafuerteventura.com\/de\/wp-json\/wp\/v2\/pages"}],"about":[{"href":"https:\/\/surfnyogafuerteventura.com\/de\/wp-json\/wp\/v2\/types\/page"}],"author":[{"embeddable":true,"href":"https:\/\/surfnyogafuerteventura.com\/de\/wp-json\/wp\/v2\/users\/1"}],"replies":[{"embeddable":true,"href":"https:\/\/surfnyogafuerteventura.com\/de\/wp-json\/wp\/v2\/comments?post=6856"}],"version-history":[{"count":65,"href":"https:\/\/surfnyogafuerteventura.com\/de\/wp-json\/wp\/v2\/pages\/6856\/revisions"}],"predecessor-version":[{"id":12395,"href":"https:\/\/surfnyogafuerteventura.com\/de\/wp-json\/wp\/v2\/pages\/6856\/revisions\/12395"}],"wp:attachment":[{"href":"https:\/\/surfnyogafuerteventura.com\/de\/wp-json\/wp\/v2\/media?parent=6856"}],"curies":[{"name":"wp","href":"https:\/\/api.w.org\/{rel}","templated":true}]}}